{"id":48,"date":"2022-02-17T15:10:20","date_gmt":"2022-02-17T14:10:20","guid":{"rendered":"https:\/\/terminal-shop.wallee.com\/postfinance\/?post_type=product&#038;p=48"},"modified":"2024-07-11T12:34:16","modified_gmt":"2024-07-11T10:34:16","slug":"pax-a50","status":"publish","type":"product","link":"https:\/\/terminal-shop.postfinance.ch\/it\/product\/pax-a50\/","title":{"rendered":"PAX A50"},"content":{"rendered":"<h4>Leggero e maneggevole<\/h4>\n<p>Il terminale dal design di alta qualit\u00e0 in un elegante bianco con un ampio touchscreen \u00e8 particolarmente leggero e maneggevole con soli 163 g. Questo miniPOS \u00e8 ideale per gli spostamenti.<\/p>\n<h4>Tecnologia moderna<\/h4>\n<p>Una doppia fotocamera, lettori per chip, metodi di pagamento senza contatto e codici QR, una batteria robusta, app e PCI 5.x garantiscono un piacere duraturo con il vostro dispositivo.<\/p>\n<h4>Collegato<\/h4>\n<p>In viaggio via 4G LTE grazie alla scheda SIM integrata o da fermo via Wi-Fi\u00ae. Il terminale \u00e8 integrato nel suo account nel portale wallee e pu\u00f2 essere integrato nei sistemi di cassa.<\/p>\n<h4>Downloads:<\/h4>\n<p><a name=\"Download_Manual\" class=\"button\" href=\"https:\/\/checkout.postfinance.ch\/s\/1480\/resource\/manual\/pax-a50-it.pdf\" target=\"_blank\" rel=\"noopener\">Istruzioni per l\u2019uso<\/a><\/p>","protected":false},"excerpt":{"rendered":"<p>Terminale mPOS particolarmente leggero e maneggevole basato su Android. Con il suo design moderno e le numerose funzioni, il wallee PAX A50 \u00e8 sempre al vostro fianco - nel vostro negozio, nel POS o anche in viaggio grazie al 4G. Scopritelo ora.<\/p>","protected":false},"featured_media":845,"template":"","meta":[],"product_brand":[],"product_cat":[16,35],"product_tag":[28,29,30],"class_list":{"0":"post-48","1":"product","2":"type-product","3":"status-publish","4":"has-post-thumbnail","6":"product_cat-terminals","7":"product_cat-flex","8":"product_tag-android","9":"product_tag-mobile-data-4g-lte","10":"product_tag-touchscreen","12":"first","13":"outofstock","14":"taxable","15":"shipping-taxable","16":"purchasable","17":"product-type-simple"},"_links":{"self":[{"href":"https:\/\/terminal-shop.postfinance.ch\/it\/wp-json\/wp\/v2\/product\/48","targetHints":{"allow":["GET"]}}],"collection":[{"href":"https:\/\/terminal-shop.postfinance.ch\/it\/wp-json\/wp\/v2\/product"}],"about":[{"href":"https:\/\/terminal-shop.postfinance.ch\/it\/wp-json\/wp\/v2\/types\/product"}],"wp:featuredmedia":[{"embeddable":true,"href":"https:\/\/terminal-shop.postfinance.ch\/it\/wp-json\/wp\/v2\/media\/845"}],"wp:attachment":[{"href":"https:\/\/terminal-shop.postfinance.ch\/it\/wp-json\/wp\/v2\/media?parent=48"}],"wp:term":[{"taxonomy":"product_brand","embeddable":true,"href":"https:\/\/terminal-shop.postfinance.ch\/it\/wp-json\/wp\/v2\/product_brand?post=48"},{"taxonomy":"product_cat","embeddable":true,"href":"https:\/\/terminal-shop.postfinance.ch\/it\/wp-json\/wp\/v2\/product_cat?post=48"},{"taxonomy":"product_tag","embeddable":true,"href":"https:\/\/terminal-shop.postfinance.ch\/it\/wp-json\/wp\/v2\/product_tag?post=48"}],"curies":[{"name":"wp","href":"https:\/\/api.w.org\/{rel}","templated":true}]}}