{"id":3410,"date":"2025-03-21T18:09:04","date_gmt":"2025-03-21T17:09:04","guid":{"rendered":"https:\/\/terminal-shop.postfinance.ch\/?post_type=product&#038;p=3410"},"modified":"2025-07-11T12:03:29","modified_gmt":"2025-07-11T10:03:29","slug":"lanyard-for-pax-a50s","status":"publish","type":"product","link":"https:\/\/terminal-shop.postfinance.ch\/it\/product\/lanyard-for-pax-a50s\/","title":{"rendered":"Cordoncino per i PAX A50s"},"content":{"rendered":"<p>Cordoncino di alta qualit\u00e0 per il PAX A50s in tessuto grigio antracite. Elevato comfort di utilizzo e qualit\u00e0 robusta. Anelli di alta qualit\u00e0 con un piccolo moschettone collegano il cordino al piccolo anello di trasporto, che pu\u00f2 essere facilmente collegato all'A50s. In questo modo \u00e8 possibile appendere l'A50s al collo e staccarlo facilmente.<\/p>","protected":false},"excerpt":{"rendered":"<p>Cordoncino di alta qualit\u00e0 per il PAX A50s. Appendete il vostro terminale mobile al collo per averlo sempre a portata di mano. Ideale per i viaggi.<\/p>","protected":false},"featured_media":3411,"template":"","meta":[],"product_brand":[],"product_cat":[23],"product_tag":[38],"class_list":{"0":"post-3410","1":"product","2":"type-product","3":"status-publish","4":"has-post-thumbnail","6":"product_cat-accessories","7":"product_tag-a50s","9":"first","10":"instock","11":"taxable","12":"shipping-taxable","13":"purchasable","14":"product-type-simple"},"_links":{"self":[{"href":"https:\/\/terminal-shop.postfinance.ch\/it\/wp-json\/wp\/v2\/product\/3410","targetHints":{"allow":["GET"]}}],"collection":[{"href":"https:\/\/terminal-shop.postfinance.ch\/it\/wp-json\/wp\/v2\/product"}],"about":[{"href":"https:\/\/terminal-shop.postfinance.ch\/it\/wp-json\/wp\/v2\/types\/product"}],"wp:featuredmedia":[{"embeddable":true,"href":"https:\/\/terminal-shop.postfinance.ch\/it\/wp-json\/wp\/v2\/media\/3411"}],"wp:attachment":[{"href":"https:\/\/terminal-shop.postfinance.ch\/it\/wp-json\/wp\/v2\/media?parent=3410"}],"wp:term":[{"taxonomy":"product_brand","embeddable":true,"href":"https:\/\/terminal-shop.postfinance.ch\/it\/wp-json\/wp\/v2\/product_brand?post=3410"},{"taxonomy":"product_cat","embeddable":true,"href":"https:\/\/terminal-shop.postfinance.ch\/it\/wp-json\/wp\/v2\/product_cat?post=3410"},{"taxonomy":"product_tag","embeddable":true,"href":"https:\/\/terminal-shop.postfinance.ch\/it\/wp-json\/wp\/v2\/product_tag?post=3410"}],"curies":[{"name":"wp","href":"https:\/\/api.w.org\/{rel}","templated":true}]}}