{"id":2744,"date":"2024-12-04T14:35:50","date_gmt":"2024-12-04T13:35:50","guid":{"rendered":"https:\/\/terminal-shop.postfinance.ch\/?post_type=product&#038;p=2744"},"modified":"2025-07-11T12:05:45","modified_gmt":"2025-07-11T10:05:45","slug":"pax-bp50","status":"publish","type":"product","link":"https:\/\/terminal-shop.postfinance.ch\/it\/product\/pax-bp50\/","title":{"rendered":"Stampante per il PAX A50s"},"content":{"rendered":"<p>Stazione di ricarica da tavolo con stampante di ricevute Bluetooth integrata per il PAX A50s. \u00c8 possibile collegare fino a quattro terminali e utilizzare la stampante contemporaneamente.<\/p>\n<p><a class=\"button\" href=\"https:\/\/checkout.postfinance.ch\/s\/1480\/resource\/manual\/pax-bp50-it.pdf\" target=\"_blank\" rel=\"noopener\" name=\"Download_Manual\">Istruzioni per l\u2019uso<\/a><\/p>","protected":false},"excerpt":{"rendered":"<p>Pratica stazione di ricarica da tavolo con stampante di ricevute Bluetooth integrata per il PAX A50s. Con il PAX BP50 \u00e8 possibile espandere le funzionalit\u00e0 del terminale mobile PAX A50s. Facile caricamento e stampa delle ricevute tramite Bluetooth. \u00c8 possibile collegare alla stampante fino a quattro PAX A50 contemporaneamente e stampare le ricevute.<\/p>","protected":false},"featured_media":2974,"template":"","meta":[],"product_brand":[],"product_cat":[23],"product_tag":[38],"class_list":{"0":"post-2744","1":"product","2":"type-product","3":"status-publish","4":"has-post-thumbnail","6":"product_cat-accessories","7":"product_tag-a50s","9":"first","10":"instock","11":"featured","12":"taxable","13":"shipping-taxable","14":"purchasable","15":"product-type-simple"},"_links":{"self":[{"href":"https:\/\/terminal-shop.postfinance.ch\/it\/wp-json\/wp\/v2\/product\/2744","targetHints":{"allow":["GET"]}}],"collection":[{"href":"https:\/\/terminal-shop.postfinance.ch\/it\/wp-json\/wp\/v2\/product"}],"about":[{"href":"https:\/\/terminal-shop.postfinance.ch\/it\/wp-json\/wp\/v2\/types\/product"}],"wp:featuredmedia":[{"embeddable":true,"href":"https:\/\/terminal-shop.postfinance.ch\/it\/wp-json\/wp\/v2\/media\/2974"}],"wp:attachment":[{"href":"https:\/\/terminal-shop.postfinance.ch\/it\/wp-json\/wp\/v2\/media?parent=2744"}],"wp:term":[{"taxonomy":"product_brand","embeddable":true,"href":"https:\/\/terminal-shop.postfinance.ch\/it\/wp-json\/wp\/v2\/product_brand?post=2744"},{"taxonomy":"product_cat","embeddable":true,"href":"https:\/\/terminal-shop.postfinance.ch\/it\/wp-json\/wp\/v2\/product_cat?post=2744"},{"taxonomy":"product_tag","embeddable":true,"href":"https:\/\/terminal-shop.postfinance.ch\/it\/wp-json\/wp\/v2\/product_tag?post=2744"}],"curies":[{"name":"wp","href":"https:\/\/api.w.org\/{rel}","templated":true}]}}