{"id":2018,"date":"2024-08-05T09:17:32","date_gmt":"2024-08-05T07:17:32","guid":{"rendered":"https:\/\/terminal-shop.postfinance.ch\/?post_type=product&#038;p=2018"},"modified":"2025-07-11T12:06:14","modified_gmt":"2025-07-11T10:06:14","slug":"pax-a77-all-in-one","status":"publish","type":"product","link":"https:\/\/terminal-shop.postfinance.ch\/it\/product\/pax-a77-all-in-one\/","title":{"rendered":"PAX A77 per All-in-One"},"content":{"rendered":"<h3>Terminale per All-in-One<\/h3>\n<p>Volete incassare senza contanti e non sapete ancora come fare? Con il nostro modulo POS Payment Checkout All-in-One, potete elaborare i pagamenti con carta pi\u00f9 comuni con un solo contratto e un solo terminale di pagamento. Assicuratevi qui il vostro terminale di pagamento per All-in-One: PAX A77 per All-in-One con una commissione dell'1,7% e costi mensili di CHF 0.-.<\/p>\n<h4>Terminale moderno<\/h4>\n<p>Il terminale dal design di alta qualit\u00e0 basato su Android ha un aspetto gradevole e fa una buona figura davanti ai vostri clienti. Il funzionamento \u00e8 semplice e intuitivo. La connessione al nostro portale e il sistema operativo Android offrono numerose possibilit\u00e0.<\/p>\n<h4>Potente e versatile<\/h4>\n<p>Una doppia fotocamera e un lettore per banda magnetica, chip e metodi di pagamento senza contatto garantiscono la massima flessibilit\u00e0. Le applicazioni aggiuntive offrono numerose possibilit\u00e0.<\/p>\n<h4>Collegato<\/h4>\n<p>In viaggio via 4G LTE grazie alla scheda SIM integrata o da fermo via Wi-Fi\u00ae. Il terminale \u00e8 integrato nel suo account nel portale wallee e pu\u00f2 essere integrato nei sistemi di cassa.<\/p>\n<h4>Downloads:<\/h4>\n<p><a class=\"button\" href=\"https:\/\/checkout.postfinance.ch\/s\/1480\/resource\/manual\/pax-a77-it.pdf\" target=\"_blank\" rel=\"noopener\" name=\"Download_Manual\">Istruzioni per l\u2019uso<\/a><\/p>","protected":false},"excerpt":{"rendered":"<p>Il meglio dei due mondi: maneggevole e mobile, ma con le massime prestazioni. Scoprite il PAX A77 - un terminale top per il vostro business. Ora disponibile per All-in-One con una commissione dell'1,7% e un costo mensile di 0.- CHF.<\/p>","protected":false},"featured_media":3122,"template":"","meta":[],"product_brand":[],"product_cat":[16,34],"product_tag":[28,31,29,30],"class_list":{"0":"post-2018","1":"product","2":"type-product","3":"status-publish","4":"has-post-thumbnail","6":"product_cat-terminals","7":"product_cat-all-in-one","8":"product_tag-android","9":"product_tag-barcodescanner","10":"product_tag-mobile-data-4g-lte","11":"product_tag-touchscreen","13":"first","14":"instock","15":"sale","16":"taxable","17":"shipping-taxable","18":"purchasable","19":"product-type-simple"},"_links":{"self":[{"href":"https:\/\/terminal-shop.postfinance.ch\/it\/wp-json\/wp\/v2\/product\/2018","targetHints":{"allow":["GET"]}}],"collection":[{"href":"https:\/\/terminal-shop.postfinance.ch\/it\/wp-json\/wp\/v2\/product"}],"about":[{"href":"https:\/\/terminal-shop.postfinance.ch\/it\/wp-json\/wp\/v2\/types\/product"}],"wp:featuredmedia":[{"embeddable":true,"href":"https:\/\/terminal-shop.postfinance.ch\/it\/wp-json\/wp\/v2\/media\/3122"}],"wp:attachment":[{"href":"https:\/\/terminal-shop.postfinance.ch\/it\/wp-json\/wp\/v2\/media?parent=2018"}],"wp:term":[{"taxonomy":"product_brand","embeddable":true,"href":"https:\/\/terminal-shop.postfinance.ch\/it\/wp-json\/wp\/v2\/product_brand?post=2018"},{"taxonomy":"product_cat","embeddable":true,"href":"https:\/\/terminal-shop.postfinance.ch\/it\/wp-json\/wp\/v2\/product_cat?post=2018"},{"taxonomy":"product_tag","embeddable":true,"href":"https:\/\/terminal-shop.postfinance.ch\/it\/wp-json\/wp\/v2\/product_tag?post=2018"}],"curies":[{"name":"wp","href":"https:\/\/api.w.org\/{rel}","templated":true}]}}