{"id":1840,"date":"2024-06-28T10:40:51","date_gmt":"2024-06-28T08:40:51","guid":{"rendered":"https:\/\/terminal-shop.postfinance.ch\/?post_type=product&#038;p=1840"},"modified":"2025-08-19T09:28:09","modified_gmt":"2025-08-19T07:28:09","slug":"cover-a77","status":"publish","type":"product","link":"https:\/\/terminal-shop.postfinance.ch\/it\/product\/cover-a77\/","title":{"rendered":"Cover A77"},"content":{"rendered":"<p>Coperchio di protezione per il terminale PAX A77. Silicone premium in bianco puro. Con logo PostFinance.<\/p>","protected":false},"excerpt":{"rendered":"<p>Cover protettiva in silicone bianco di alta qualit\u00e0 con logo PostFinance sul retro. La cover \u00e8 stata realizzata appositamente per il nostro terminale PAX A77 e offre una vestibilit\u00e0 perfetta. Protezione perfetta per il vostro terminale, buona presa nell'uso quotidiano, facile da pulire.<\/p>","protected":false},"featured_media":1844,"template":"","meta":[],"product_brand":[],"product_cat":[23],"product_tag":[39],"class_list":{"0":"post-1840","1":"product","2":"type-product","3":"status-publish","4":"has-post-thumbnail","6":"product_cat-accessories","7":"product_tag-a77","9":"first","10":"instock","11":"taxable","12":"shipping-taxable","13":"purchasable","14":"product-type-simple"},"_links":{"self":[{"href":"https:\/\/terminal-shop.postfinance.ch\/it\/wp-json\/wp\/v2\/product\/1840","targetHints":{"allow":["GET"]}}],"collection":[{"href":"https:\/\/terminal-shop.postfinance.ch\/it\/wp-json\/wp\/v2\/product"}],"about":[{"href":"https:\/\/terminal-shop.postfinance.ch\/it\/wp-json\/wp\/v2\/types\/product"}],"wp:featuredmedia":[{"embeddable":true,"href":"https:\/\/terminal-shop.postfinance.ch\/it\/wp-json\/wp\/v2\/media\/1844"}],"wp:attachment":[{"href":"https:\/\/terminal-shop.postfinance.ch\/it\/wp-json\/wp\/v2\/media?parent=1840"}],"wp:term":[{"taxonomy":"product_brand","embeddable":true,"href":"https:\/\/terminal-shop.postfinance.ch\/it\/wp-json\/wp\/v2\/product_brand?post=1840"},{"taxonomy":"product_cat","embeddable":true,"href":"https:\/\/terminal-shop.postfinance.ch\/it\/wp-json\/wp\/v2\/product_cat?post=1840"},{"taxonomy":"product_tag","embeddable":true,"href":"https:\/\/terminal-shop.postfinance.ch\/it\/wp-json\/wp\/v2\/product_tag?post=1840"}],"curies":[{"name":"wp","href":"https:\/\/api.w.org\/{rel}","templated":true}]}}