{"id":983,"date":"2023-11-29T14:41:56","date_gmt":"2023-11-29T13:41:56","guid":{"rendered":"https:\/\/terminal-shop.postfinance.ch\/?post_type=product&#038;p=983"},"modified":"2025-07-11T12:08:29","modified_gmt":"2025-07-11T10:08:29","slug":"stand-for-pax-a35","status":"publish","type":"product","link":"https:\/\/terminal-shop.postfinance.ch\/fr\/product\/stand-for-pax-a35\/","title":{"rendered":"Pied pour le PAX A35"},"content":{"rendered":"<p>Support de haute qualit\u00e9 pour le PAX A35. Parfait pour votre point de vente. Permet un angle de vue id\u00e9al et une utilisation stable du terminal par le client. Le support peut \u00eatre solidement viss\u00e9 \u00e0 la table (vis non visibles de l'ext\u00e9rieur). Le terminal peut \u00e9galement \u00eatre viss\u00e9 fermement. Pour ce faire, la plaque arri\u00e8re est remplac\u00e9e par la plaque m\u00e9tallique du support. (Terminal non inclus)<\/p>","protected":false},"excerpt":{"rendered":"<p>Support de haute qualit\u00e9 pour le PAX A35. Parfait pour votre point de vente.<\/p>","protected":false},"featured_media":3115,"template":"","meta":[],"product_brand":[],"product_cat":[23],"product_tag":[37],"class_list":{"0":"post-983","1":"product","2":"type-product","3":"status-publish","4":"has-post-thumbnail","6":"product_cat-accessories","7":"product_tag-a35","9":"first","10":"instock","11":"taxable","12":"shipping-taxable","13":"purchasable","14":"product-type-simple"},"_links":{"self":[{"href":"https:\/\/terminal-shop.postfinance.ch\/fr\/wp-json\/wp\/v2\/product\/983","targetHints":{"allow":["GET"]}}],"collection":[{"href":"https:\/\/terminal-shop.postfinance.ch\/fr\/wp-json\/wp\/v2\/product"}],"about":[{"href":"https:\/\/terminal-shop.postfinance.ch\/fr\/wp-json\/wp\/v2\/types\/product"}],"wp:featuredmedia":[{"embeddable":true,"href":"https:\/\/terminal-shop.postfinance.ch\/fr\/wp-json\/wp\/v2\/media\/3115"}],"wp:attachment":[{"href":"https:\/\/terminal-shop.postfinance.ch\/fr\/wp-json\/wp\/v2\/media?parent=983"}],"wp:term":[{"taxonomy":"product_brand","embeddable":true,"href":"https:\/\/terminal-shop.postfinance.ch\/fr\/wp-json\/wp\/v2\/product_brand?post=983"},{"taxonomy":"product_cat","embeddable":true,"href":"https:\/\/terminal-shop.postfinance.ch\/fr\/wp-json\/wp\/v2\/product_cat?post=983"},{"taxonomy":"product_tag","embeddable":true,"href":"https:\/\/terminal-shop.postfinance.ch\/fr\/wp-json\/wp\/v2\/product_tag?post=983"}],"curies":[{"name":"wp","href":"https:\/\/api.w.org\/{rel}","templated":true}]}}