{"id":824,"date":"2023-10-05T18:48:05","date_gmt":"2023-10-05T16:48:05","guid":{"rendered":"https:\/\/terminal-shop.postfinance.ch\/?post_type=product&#038;p=824"},"modified":"2025-07-24T10:16:42","modified_gmt":"2025-07-24T08:16:42","slug":"pax-a920pro-all-in-one","status":"publish","type":"product","link":"https:\/\/terminal-shop.postfinance.ch\/fr\/product\/pax-a920pro-all-in-one\/","title":{"rendered":"PAX A920Pro pour All-in-One"},"content":{"rendered":"<h3>Terminal pour All-in-One<\/h3>\n<p>Vous voulez passer \u00e0 la caisse sans argent liquide, mais vous ne savez pas encore comment faire ? Avec notre module POS Payment pour Checkout All-in-One, vous pouvez traiter les paiements par carte les plus courants avec un seul contrat et un seul terminal de paiement. S\u00e9curisez ici votre terminal de paiement pour All-in-One : PAX A920Pro pour All-in-One avec 1,7% de commission et CHF 0.- de co\u00fbt mensuel.<\/p>\n<h4>Terminal moderne<\/h4>\n<p>Le terminal au design de haute qualit\u00e9 bas\u00e9 sur Android est beau et fait \u00e9galement bonne figure devant vos clients. L'utilisation est simple et intuitive. La connexion \u00e0 notre portail et le syst\u00e8me d'exploitation Android offrent de nombreuses possibilit\u00e9s.<\/p>\n<h4>Polyvalence<\/h4>\n<p>Une double cam\u00e9ra et un lecteur pour les m\u00e9thodes de paiement par bande magn\u00e9tique, par puce et sans contact assurent une flexibilit\u00e9 totale. Des applications suppl\u00e9mentaires offrent de nombreuses possibilit\u00e9s.<\/p>\n<h4>Connect\u00e9<\/h4>\n<p>Sur la route via 4G LTE gr\u00e2ce \u00e0 la carte SIM int\u00e9gr\u00e9e ou en stationnaire via Wi-Fi\u00ae. Le terminal est int\u00e9gr\u00e9 \u00e0 votre compte sur le portail wallee et peut \u00eatre int\u00e9gr\u00e9 aux syst\u00e8mes de caisse.<\/p>\n<h4>Downloads:<\/h4>\n<p><a class=\"button\" href=\"https:\/\/checkout.postfinance.ch\/s\/1480\/resource\/manual\/pax-a920pro-fr.pdf\" target=\"_blank\" rel=\"noopener\" name=\"Download_Manual\">Mode d\u2019emploi<\/a><\/p>","protected":false},"excerpt":{"rendered":"<p>Terminal moderne et polyvalent bas\u00e9 sur Android, au design \u00e9l\u00e9gant et dot\u00e9 de fonctionnalit\u00e9s qui feront passer l'acceptation des paiements dans votre entreprise \u00e0 un niveau sup\u00e9rieur. Maintenant disponible pour All-in-One avec 1,7% de commission et CHF 0.- de co\u00fbt mensuel.<\/p>","protected":false},"featured_media":3125,"template":"","meta":[],"product_brand":[],"product_cat":[16,34],"product_tag":[28,31,29,30],"class_list":{"0":"post-824","1":"product","2":"type-product","3":"status-publish","4":"has-post-thumbnail","6":"product_cat-terminals","7":"product_cat-all-in-one","8":"product_tag-android","9":"product_tag-barcodescanner","10":"product_tag-mobile-data-4g-lte","11":"product_tag-touchscreen","13":"first","14":"instock","15":"sale","16":"taxable","17":"shipping-taxable","18":"purchasable","19":"product-type-simple"},"_links":{"self":[{"href":"https:\/\/terminal-shop.postfinance.ch\/fr\/wp-json\/wp\/v2\/product\/824","targetHints":{"allow":["GET"]}}],"collection":[{"href":"https:\/\/terminal-shop.postfinance.ch\/fr\/wp-json\/wp\/v2\/product"}],"about":[{"href":"https:\/\/terminal-shop.postfinance.ch\/fr\/wp-json\/wp\/v2\/types\/product"}],"wp:featuredmedia":[{"embeddable":true,"href":"https:\/\/terminal-shop.postfinance.ch\/fr\/wp-json\/wp\/v2\/media\/3125"}],"wp:attachment":[{"href":"https:\/\/terminal-shop.postfinance.ch\/fr\/wp-json\/wp\/v2\/media?parent=824"}],"wp:term":[{"taxonomy":"product_brand","embeddable":true,"href":"https:\/\/terminal-shop.postfinance.ch\/fr\/wp-json\/wp\/v2\/product_brand?post=824"},{"taxonomy":"product_cat","embeddable":true,"href":"https:\/\/terminal-shop.postfinance.ch\/fr\/wp-json\/wp\/v2\/product_cat?post=824"},{"taxonomy":"product_tag","embeddable":true,"href":"https:\/\/terminal-shop.postfinance.ch\/fr\/wp-json\/wp\/v2\/product_tag?post=824"}],"curies":[{"name":"wp","href":"https:\/\/api.w.org\/{rel}","templated":true}]}}