{"id":3410,"date":"2025-03-21T18:09:04","date_gmt":"2025-03-21T17:09:04","guid":{"rendered":"https:\/\/terminal-shop.postfinance.ch\/?post_type=product&#038;p=3410"},"modified":"2025-07-11T12:03:29","modified_gmt":"2025-07-11T10:03:29","slug":"lanyard-for-pax-a50s","status":"publish","type":"product","link":"https:\/\/terminal-shop.postfinance.ch\/fr\/product\/lanyard-for-pax-a50s\/","title":{"rendered":"Lanyard pour le PAX A50s"},"content":{"rendered":"<p>Lanyard de haute qualit\u00e9 pour le PAX A50s en tissu gris anthracite. Tr\u00e8s confortable \u00e0 porter et de qualit\u00e9 robuste. Des anneaux de haute qualit\u00e9 avec un petit mousqueton relient le lanyard \u00e0 la petite dragonne que vous pouvez facilement attacher au A50s. Vous pouvez ainsi porter le A50s autour du cou tout en le d\u00e9tachant facilement.<\/p>","protected":false},"excerpt":{"rendered":"<p>Lanyard de haute qualit\u00e9 pour le PAX A50s. Accrochez votre terminal mobile autour de vous et gardez-le toujours \u00e0 port\u00e9e de main. Id\u00e9al pour les d\u00e9placements.<\/p>","protected":false},"featured_media":3411,"template":"","meta":[],"product_brand":[],"product_cat":[23],"product_tag":[38],"class_list":{"0":"post-3410","1":"product","2":"type-product","3":"status-publish","4":"has-post-thumbnail","6":"product_cat-accessories","7":"product_tag-a50s","9":"first","10":"instock","11":"taxable","12":"shipping-taxable","13":"purchasable","14":"product-type-simple"},"_links":{"self":[{"href":"https:\/\/terminal-shop.postfinance.ch\/fr\/wp-json\/wp\/v2\/product\/3410","targetHints":{"allow":["GET"]}}],"collection":[{"href":"https:\/\/terminal-shop.postfinance.ch\/fr\/wp-json\/wp\/v2\/product"}],"about":[{"href":"https:\/\/terminal-shop.postfinance.ch\/fr\/wp-json\/wp\/v2\/types\/product"}],"wp:featuredmedia":[{"embeddable":true,"href":"https:\/\/terminal-shop.postfinance.ch\/fr\/wp-json\/wp\/v2\/media\/3411"}],"wp:attachment":[{"href":"https:\/\/terminal-shop.postfinance.ch\/fr\/wp-json\/wp\/v2\/media?parent=3410"}],"wp:term":[{"taxonomy":"product_brand","embeddable":true,"href":"https:\/\/terminal-shop.postfinance.ch\/fr\/wp-json\/wp\/v2\/product_brand?post=3410"},{"taxonomy":"product_cat","embeddable":true,"href":"https:\/\/terminal-shop.postfinance.ch\/fr\/wp-json\/wp\/v2\/product_cat?post=3410"},{"taxonomy":"product_tag","embeddable":true,"href":"https:\/\/terminal-shop.postfinance.ch\/fr\/wp-json\/wp\/v2\/product_tag?post=3410"}],"curies":[{"name":"wp","href":"https:\/\/api.w.org\/{rel}","templated":true}]}}