{"id":2977,"date":"2025-01-27T09:57:47","date_gmt":"2025-01-27T08:57:47","guid":{"rendered":"https:\/\/terminal-shop.postfinance.ch\/?post_type=product&#038;p=2977"},"modified":"2025-07-11T12:05:27","modified_gmt":"2025-07-11T10:05:27","slug":"pax-a50s-bundle","status":"publish","type":"product","link":"https:\/\/terminal-shop.postfinance.ch\/fr\/product\/pax-a50s-bundle\/","title":{"rendered":"PAX A50s (Bundle)"},"content":{"rendered":"<h4>Maintenant en bundle avec l'imprimante BP50<\/h4>\n<p>Procurez-vous maintenant le PAX A50s de PostFinance en bundle avec l'imprimante Bluetooth pratique et la station de chargement de table BP50. Connectez facilement jusqu'\u00e0 quatre terminaux A50\/A50s \u00e0 l'imprimante de re\u00e7us via Bluetooth.<\/p>\n<h4>L\u00e9ger et maniable<\/h4>\n<p>The high-quality design terminal in elegant white with a large touchscreen is particularly light and handy at only 151g. This miniPOS is ideal for on the go.<\/p>\n<h4>Connect\u00e9<\/h4>\n<p>Sur la route via 4G LTE gr\u00e2ce \u00e0 la carte SIM int\u00e9gr\u00e9e ou en stationnaire via Wi-Fi\u00ae. Le terminal est int\u00e9gr\u00e9 \u00e0 votre compte sur le portail wallee et peut \u00eatre int\u00e9gr\u00e9 aux syst\u00e8mes de caisse.<\/p>\n<h4>Downloads:<\/h4>\n<p><a class=\"button\" href=\"https:\/\/checkout.postfinance.ch\/s\/1480\/resource\/manual\/pax-a50s-fr.pdf\" target=\"_blank\" rel=\"noopener\" name=\"Download_Manual\">Mode d\u2019emploi<\/a><\/p>","protected":false},"excerpt":{"rendered":"<p>Terminal mPOS particuli\u00e8rement l\u00e9ger et maniable bas\u00e9 sur Android. Avec son design moderne et ses nombreuses fonctionnalit\u00e9s, le PAX A50s est toujours \u00e0 vos c\u00f4t\u00e9s. Maintenant en bundle avec l'imprimante Bluetooth pratique et la station de chargement de table BP50.<\/p>","protected":false},"featured_media":3118,"template":"","meta":[],"product_brand":[],"product_cat":[16,35],"product_tag":[28,29,30],"class_list":{"0":"post-2977","1":"product","2":"type-product","3":"status-publish","4":"has-post-thumbnail","6":"product_cat-terminals","7":"product_cat-flex","8":"product_tag-android","9":"product_tag-mobile-data-4g-lte","10":"product_tag-touchscreen","12":"first","13":"instock","14":"taxable","15":"shipping-taxable","16":"purchasable","17":"product-type-simple"},"_links":{"self":[{"href":"https:\/\/terminal-shop.postfinance.ch\/fr\/wp-json\/wp\/v2\/product\/2977","targetHints":{"allow":["GET"]}}],"collection":[{"href":"https:\/\/terminal-shop.postfinance.ch\/fr\/wp-json\/wp\/v2\/product"}],"about":[{"href":"https:\/\/terminal-shop.postfinance.ch\/fr\/wp-json\/wp\/v2\/types\/product"}],"wp:featuredmedia":[{"embeddable":true,"href":"https:\/\/terminal-shop.postfinance.ch\/fr\/wp-json\/wp\/v2\/media\/3118"}],"wp:attachment":[{"href":"https:\/\/terminal-shop.postfinance.ch\/fr\/wp-json\/wp\/v2\/media?parent=2977"}],"wp:term":[{"taxonomy":"product_brand","embeddable":true,"href":"https:\/\/terminal-shop.postfinance.ch\/fr\/wp-json\/wp\/v2\/product_brand?post=2977"},{"taxonomy":"product_cat","embeddable":true,"href":"https:\/\/terminal-shop.postfinance.ch\/fr\/wp-json\/wp\/v2\/product_cat?post=2977"},{"taxonomy":"product_tag","embeddable":true,"href":"https:\/\/terminal-shop.postfinance.ch\/fr\/wp-json\/wp\/v2\/product_tag?post=2977"}],"curies":[{"name":"wp","href":"https:\/\/api.w.org\/{rel}","templated":true}]}}