{"id":2744,"date":"2024-12-04T14:35:50","date_gmt":"2024-12-04T13:35:50","guid":{"rendered":"https:\/\/terminal-shop.postfinance.ch\/?post_type=product&#038;p=2744"},"modified":"2025-07-11T12:05:45","modified_gmt":"2025-07-11T10:05:45","slug":"pax-bp50","status":"publish","type":"product","link":"https:\/\/terminal-shop.postfinance.ch\/fr\/product\/pax-bp50\/","title":{"rendered":"Imprimante pour le PAX A50s"},"content":{"rendered":"<p>Station de chargement de table avec imprimante de re\u00e7us Bluetooth int\u00e9gr\u00e9e pour le PAX A50s. Il est possible de connecter jusqu'\u00e0 quatre terminaux simultan\u00e9ment et d'utiliser l'imprimante.<\/p>\n<p><a class=\"button\" href=\"https:\/\/checkout.postfinance.ch\/s\/1480\/resource\/manual\/pax-bp50-fr.pdf\" target=\"_blank\" rel=\"noopener\" name=\"Download_Manual\">Mode d\u2019emploi<\/a><\/p>","protected":false},"excerpt":{"rendered":"<p>Station de chargement de table pratique avec imprimante de re\u00e7us Bluetooth int\u00e9gr\u00e9e pour le PAX A50s. Avec le PAX BP50, vous \u00e9tendez les fonctionnalit\u00e9s de votre terminal mobile PAX A50s. Chargement et impression faciles des justificatifs via Bluetooth. Il est possible de connecter simultan\u00e9ment jusqu'\u00e0 quatre PAX A50s \u00e0 l'imprimante et d'imprimer des justificatifs.<\/p>","protected":false},"featured_media":2974,"template":"","meta":[],"product_brand":[],"product_cat":[23],"product_tag":[38],"class_list":{"0":"post-2744","1":"product","2":"type-product","3":"status-publish","4":"has-post-thumbnail","6":"product_cat-accessories","7":"product_tag-a50s","9":"first","10":"instock","11":"featured","12":"taxable","13":"shipping-taxable","14":"purchasable","15":"product-type-simple"},"_links":{"self":[{"href":"https:\/\/terminal-shop.postfinance.ch\/fr\/wp-json\/wp\/v2\/product\/2744","targetHints":{"allow":["GET"]}}],"collection":[{"href":"https:\/\/terminal-shop.postfinance.ch\/fr\/wp-json\/wp\/v2\/product"}],"about":[{"href":"https:\/\/terminal-shop.postfinance.ch\/fr\/wp-json\/wp\/v2\/types\/product"}],"wp:featuredmedia":[{"embeddable":true,"href":"https:\/\/terminal-shop.postfinance.ch\/fr\/wp-json\/wp\/v2\/media\/2974"}],"wp:attachment":[{"href":"https:\/\/terminal-shop.postfinance.ch\/fr\/wp-json\/wp\/v2\/media?parent=2744"}],"wp:term":[{"taxonomy":"product_brand","embeddable":true,"href":"https:\/\/terminal-shop.postfinance.ch\/fr\/wp-json\/wp\/v2\/product_brand?post=2744"},{"taxonomy":"product_cat","embeddable":true,"href":"https:\/\/terminal-shop.postfinance.ch\/fr\/wp-json\/wp\/v2\/product_cat?post=2744"},{"taxonomy":"product_tag","embeddable":true,"href":"https:\/\/terminal-shop.postfinance.ch\/fr\/wp-json\/wp\/v2\/product_tag?post=2744"}],"curies":[{"name":"wp","href":"https:\/\/api.w.org\/{rel}","templated":true}]}}