{"id":1998,"date":"2024-07-31T13:45:02","date_gmt":"2024-07-31T11:45:02","guid":{"rendered":"https:\/\/terminal-shop.postfinance.ch\/?post_type=product&#038;p=1998"},"modified":"2024-09-03T08:04:57","modified_gmt":"2024-09-03T06:04:57","slug":"pax-a50s-mokka","status":"publish","type":"product","link":"https:\/\/terminal-shop.postfinance.ch\/fr\/product\/pax-a50s-mokka\/","title":{"rendered":"PAX A50s (Limited Edition)"},"content":{"rendered":"<h4>Limited Edition<\/h4>\n<p>Maintenant disponible pour une courte dur\u00e9e en \u00e9dition limit\u00e9e : le PAX A50s dans l'\u00e9l\u00e9gante combinaison de couleurs moka\/noir.<\/p>\n<h4>L\u00e9ger et maniable<\/h4>\n<p>The high-quality design terminal in elegant white with a large touchscreen is particularly light and handy at only 151g. This miniPOS is ideal for on the go.<br \/>\n<!--\n\n<h4>New generation<\/h4>\n\n\nThe PAX A50S is the successor to the A50. Even lighter (only 151g), more efficient and with a large, optimized contactless field on the front. Great accessories are available for the PAX A50S, e.g. a desktop charging station with integrated Bluetooth receipt printer (coming soon).--><\/p>\n<h4>Connect\u00e9<\/h4>\n<p>Sur la route via 4G LTE gr\u00e2ce \u00e0 la carte SIM int\u00e9gr\u00e9e ou en stationnaire via Wi-Fi\u00ae. Le terminal est int\u00e9gr\u00e9 \u00e0 votre compte sur le portail wallee et peut \u00eatre int\u00e9gr\u00e9 aux syst\u00e8mes de caisse.<\/p>\n<h4>Downloads:<\/h4>\n<p><a name=\"Download_Manual\" class=\"button\" href=\"https:\/\/checkout.postfinance.ch\/s\/1480\/resource\/manual\/pax-a50s-fr.pdf\" target=\"_blank\" rel=\"noopener\">Mode d\u2019emploi<\/a><\/p>","protected":false},"excerpt":{"rendered":"<p>Particularly light and handy mPOS terminal based on Android. With its modern design and numerous features, the PAX A50s is always at your side &#8211; in your shop, POS or even on the move thanks to 4G. Discover now.<\/p>\n<p><!--\n\n\n<h4>To Pre-order<\/h4>\n\n\nThe A50s will be available soon. You can order it now and be one of the first to receive it. It is expected to be <strong>shipped at the beginning of august.<\/strong>\n--><\/p>","protected":false},"featured_media":2004,"template":"","meta":[],"product_brand":[],"product_cat":[16,35],"product_tag":[28,29,30],"class_list":{"0":"post-1998","1":"product","2":"type-product","3":"status-publish","4":"has-post-thumbnail","6":"product_cat-terminals","7":"product_cat-flex","8":"product_tag-android","9":"product_tag-mobile-data-4g-lte","10":"product_tag-touchscreen","12":"first","13":"outofstock","14":"taxable","15":"shipping-taxable","16":"purchasable","17":"product-type-simple"},"_links":{"self":[{"href":"https:\/\/terminal-shop.postfinance.ch\/fr\/wp-json\/wp\/v2\/product\/1998","targetHints":{"allow":["GET"]}}],"collection":[{"href":"https:\/\/terminal-shop.postfinance.ch\/fr\/wp-json\/wp\/v2\/product"}],"about":[{"href":"https:\/\/terminal-shop.postfinance.ch\/fr\/wp-json\/wp\/v2\/types\/product"}],"wp:featuredmedia":[{"embeddable":true,"href":"https:\/\/terminal-shop.postfinance.ch\/fr\/wp-json\/wp\/v2\/media\/2004"}],"wp:attachment":[{"href":"https:\/\/terminal-shop.postfinance.ch\/fr\/wp-json\/wp\/v2\/media?parent=1998"}],"wp:term":[{"taxonomy":"product_brand","embeddable":true,"href":"https:\/\/terminal-shop.postfinance.ch\/fr\/wp-json\/wp\/v2\/product_brand?post=1998"},{"taxonomy":"product_cat","embeddable":true,"href":"https:\/\/terminal-shop.postfinance.ch\/fr\/wp-json\/wp\/v2\/product_cat?post=1998"},{"taxonomy":"product_tag","embeddable":true,"href":"https:\/\/terminal-shop.postfinance.ch\/fr\/wp-json\/wp\/v2\/product_tag?post=1998"}],"curies":[{"name":"wp","href":"https:\/\/api.w.org\/{rel}","templated":true}]}}