{"id":1840,"date":"2024-06-28T10:40:51","date_gmt":"2024-06-28T08:40:51","guid":{"rendered":"https:\/\/terminal-shop.postfinance.ch\/?post_type=product&#038;p=1840"},"modified":"2025-08-19T09:28:09","modified_gmt":"2025-08-19T07:28:09","slug":"cover-a77","status":"publish","type":"product","link":"https:\/\/terminal-shop.postfinance.ch\/fr\/product\/cover-a77\/","title":{"rendered":"Cover A77"},"content":{"rendered":"<p>Housse de protection pour le terminal PAX A77. Silicone de premi\u00e8re qualit\u00e9 en blanc pur. Avec le logo de PostFinance.<\/p>","protected":false},"excerpt":{"rendered":"<p>Housse de protection en silicone blanc de haute qualit\u00e9 avec le logo de PostFinance au dos. La housse est sp\u00e9cialement fabriqu\u00e9e pour notre terminal PAX A77 et offre une grande pr\u00e9cision d'adaptation. Protection parfaite pour votre terminal, bonne prise en main au quotidien, facile \u00e0 nettoyer.<\/p>","protected":false},"featured_media":1844,"template":"","meta":[],"product_brand":[],"product_cat":[23],"product_tag":[39],"class_list":{"0":"post-1840","1":"product","2":"type-product","3":"status-publish","4":"has-post-thumbnail","6":"product_cat-accessories","7":"product_tag-a77","9":"first","10":"instock","11":"taxable","12":"shipping-taxable","13":"purchasable","14":"product-type-simple"},"_links":{"self":[{"href":"https:\/\/terminal-shop.postfinance.ch\/fr\/wp-json\/wp\/v2\/product\/1840","targetHints":{"allow":["GET"]}}],"collection":[{"href":"https:\/\/terminal-shop.postfinance.ch\/fr\/wp-json\/wp\/v2\/product"}],"about":[{"href":"https:\/\/terminal-shop.postfinance.ch\/fr\/wp-json\/wp\/v2\/types\/product"}],"wp:featuredmedia":[{"embeddable":true,"href":"https:\/\/terminal-shop.postfinance.ch\/fr\/wp-json\/wp\/v2\/media\/1844"}],"wp:attachment":[{"href":"https:\/\/terminal-shop.postfinance.ch\/fr\/wp-json\/wp\/v2\/media?parent=1840"}],"wp:term":[{"taxonomy":"product_brand","embeddable":true,"href":"https:\/\/terminal-shop.postfinance.ch\/fr\/wp-json\/wp\/v2\/product_brand?post=1840"},{"taxonomy":"product_cat","embeddable":true,"href":"https:\/\/terminal-shop.postfinance.ch\/fr\/wp-json\/wp\/v2\/product_cat?post=1840"},{"taxonomy":"product_tag","embeddable":true,"href":"https:\/\/terminal-shop.postfinance.ch\/fr\/wp-json\/wp\/v2\/product_tag?post=1840"}],"curies":[{"name":"wp","href":"https:\/\/api.w.org\/{rel}","templated":true}]}}