{"id":1572,"date":"2024-05-13T09:21:01","date_gmt":"2024-05-13T07:21:01","guid":{"rendered":"https:\/\/terminal-shop.postfinance.ch\/?post_type=product&#038;p=1572"},"modified":"2025-07-11T12:07:39","modified_gmt":"2025-07-11T10:07:39","slug":"pax-a50s-for-all-in-one","status":"publish","type":"product","link":"https:\/\/terminal-shop.postfinance.ch\/fr\/product\/pax-a50s-for-all-in-one\/","title":{"rendered":"PAX A50s for All-in-One"},"content":{"rendered":"<h3>Terminal pour All-in-One<\/h3>\n<p>You want to cash in cashless and don&#8217;t know how yet? With our POS-Payment-Module for Checkout All-in-One, you can process the most common card payments with just one contract and payment terminal. Secure your payment terminal for All-in-One: PAX A50s for All-in-One with 1.7% commission and CHF 0.- monthly cost.<\/p>\n<h4>L\u00e9ger et maniable<\/h4>\n<p>The high-quality design terminal in elegant white with a large touchscreen is particularly light and handy at only 151g. This miniPOS is ideal for on the go.<br \/>\n<!--\n\n\n<h4>New generation<\/h4>\n\n\nThe PAX A50S is the successor to the A50. Even lighter (only 151g), more efficient and with a large, optimized contactless field on the front. Great accessories are available for the PAX A50S, e.g. a desktop charging station with integrated Bluetooth receipt printer (coming soon).--><\/p>\n<h4>Connect\u00e9<\/h4>\n<p>Sur la route via 4G LTE gr\u00e2ce \u00e0 la carte SIM int\u00e9gr\u00e9e ou en stationnaire via Wi-Fi\u00ae. Le terminal est int\u00e9gr\u00e9 \u00e0 votre compte sur le portail wallee et peut \u00eatre int\u00e9gr\u00e9 aux syst\u00e8mes de caisse.<\/p>\n<h4>Downloads:<\/h4>\n<p><a class=\"button\" href=\"https:\/\/checkout.postfinance.ch\/s\/1480\/resource\/manual\/pax-a50s-fr.pdf\" target=\"_blank\" rel=\"noopener\" name=\"Download_Manual\">Mode d\u2019emploi<\/a><\/p>","protected":false},"excerpt":{"rendered":"<p>Particularly light and handy mPOS terminal based on Android. With its modern design and numerous features, the PAX A50s is always at your side &#8211; in your shop, POS or even on the move thanks to 4G. Now available for All-in-One with 1.7% commission and CHF 0.- monthly cost.<\/p>","protected":false},"featured_media":3119,"template":"","meta":[],"product_brand":[],"product_cat":[16,34],"product_tag":[28,29,30],"class_list":{"0":"post-1572","1":"product","2":"type-product","3":"status-publish","4":"has-post-thumbnail","6":"product_cat-terminals","7":"product_cat-all-in-one","8":"product_tag-android","9":"product_tag-mobile-data-4g-lte","10":"product_tag-touchscreen","12":"first","13":"instock","14":"sale","15":"taxable","16":"shipping-taxable","17":"purchasable","18":"product-type-simple"},"_links":{"self":[{"href":"https:\/\/terminal-shop.postfinance.ch\/fr\/wp-json\/wp\/v2\/product\/1572","targetHints":{"allow":["GET"]}}],"collection":[{"href":"https:\/\/terminal-shop.postfinance.ch\/fr\/wp-json\/wp\/v2\/product"}],"about":[{"href":"https:\/\/terminal-shop.postfinance.ch\/fr\/wp-json\/wp\/v2\/types\/product"}],"wp:featuredmedia":[{"embeddable":true,"href":"https:\/\/terminal-shop.postfinance.ch\/fr\/wp-json\/wp\/v2\/media\/3119"}],"wp:attachment":[{"href":"https:\/\/terminal-shop.postfinance.ch\/fr\/wp-json\/wp\/v2\/media?parent=1572"}],"wp:term":[{"taxonomy":"product_brand","embeddable":true,"href":"https:\/\/terminal-shop.postfinance.ch\/fr\/wp-json\/wp\/v2\/product_brand?post=1572"},{"taxonomy":"product_cat","embeddable":true,"href":"https:\/\/terminal-shop.postfinance.ch\/fr\/wp-json\/wp\/v2\/product_cat?post=1572"},{"taxonomy":"product_tag","embeddable":true,"href":"https:\/\/terminal-shop.postfinance.ch\/fr\/wp-json\/wp\/v2\/product_tag?post=1572"}],"curies":[{"name":"wp","href":"https:\/\/api.w.org\/{rel}","templated":true}]}}