{"id":136,"date":"2022-02-24T17:15:46","date_gmt":"2022-02-24T16:15:46","guid":{"rendered":"https:\/\/terminal-shop.wallee.com\/postfinance\/?post_type=product&#038;p=136"},"modified":"2025-07-24T13:37:39","modified_gmt":"2025-07-24T11:37:39","slug":"pax-a77","status":"publish","type":"product","link":"https:\/\/terminal-shop.postfinance.ch\/fr\/product\/pax-a77\/","title":{"rendered":"PAX A77"},"content":{"rendered":"<h4>Terminal moderne<\/h4>\n<p>Le terminal au design de haute qualit\u00e9 bas\u00e9 sur Android est beau et fait \u00e9galement bonne figure devant vos clients. L'utilisation est simple et intuitive. La connexion \u00e0 notre portail et le syst\u00e8me d'exploitation Android offrent de nombreuses possibilit\u00e9s.<\/p>\n<h4>Puissant et polyvalent<\/h4>\n<p>Une double cam\u00e9ra et un lecteur pour les m\u00e9thodes de paiement par bande magn\u00e9tique, par puce et sans contact assurent une flexibilit\u00e9 totale. Des applications suppl\u00e9mentaires offrent de nombreuses possibilit\u00e9s.<\/p>\n<h4>Connect\u00e9<\/h4>\n<p>Sur la route via 4G LTE gr\u00e2ce \u00e0 la carte SIM int\u00e9gr\u00e9e ou en stationnaire via Wi-Fi\u00ae. Le terminal est int\u00e9gr\u00e9 \u00e0 votre compte sur le portail wallee et peut \u00eatre int\u00e9gr\u00e9 aux syst\u00e8mes de caisse.<\/p>\n<h4>Downloads:<\/h4>\n<p><a class=\"button\" href=\"https:\/\/checkout.postfinance.ch\/s\/1480\/resource\/manual\/pax-a77-fr.pdf\" target=\"_blank\" rel=\"noopener\" name=\"Download_Manual\">Mode d\u2019emploi<\/a><\/p>","protected":false},"excerpt":{"rendered":"<p>Le meilleur des deux mondes : maniable et mobile, mais avec des performances maximales. D\u00e9couvrez le PAX A77 - un terminal haut de gamme pour votre entreprise.<\/p>","protected":false},"featured_media":3122,"template":"","meta":[],"product_brand":[],"product_cat":[16,35],"product_tag":[28,31,29,30],"class_list":{"0":"post-136","1":"product","2":"type-product","3":"status-publish","4":"has-post-thumbnail","6":"product_cat-terminals","7":"product_cat-flex","8":"product_tag-android","9":"product_tag-barcodescanner","10":"product_tag-mobile-data-4g-lte","11":"product_tag-touchscreen","13":"first","14":"instock","15":"taxable","16":"shipping-taxable","17":"purchasable","18":"product-type-simple"},"_links":{"self":[{"href":"https:\/\/terminal-shop.postfinance.ch\/fr\/wp-json\/wp\/v2\/product\/136","targetHints":{"allow":["GET"]}}],"collection":[{"href":"https:\/\/terminal-shop.postfinance.ch\/fr\/wp-json\/wp\/v2\/product"}],"about":[{"href":"https:\/\/terminal-shop.postfinance.ch\/fr\/wp-json\/wp\/v2\/types\/product"}],"wp:featuredmedia":[{"embeddable":true,"href":"https:\/\/terminal-shop.postfinance.ch\/fr\/wp-json\/wp\/v2\/media\/3122"}],"wp:attachment":[{"href":"https:\/\/terminal-shop.postfinance.ch\/fr\/wp-json\/wp\/v2\/media?parent=136"}],"wp:term":[{"taxonomy":"product_brand","embeddable":true,"href":"https:\/\/terminal-shop.postfinance.ch\/fr\/wp-json\/wp\/v2\/product_brand?post=136"},{"taxonomy":"product_cat","embeddable":true,"href":"https:\/\/terminal-shop.postfinance.ch\/fr\/wp-json\/wp\/v2\/product_cat?post=136"},{"taxonomy":"product_tag","embeddable":true,"href":"https:\/\/terminal-shop.postfinance.ch\/fr\/wp-json\/wp\/v2\/product_tag?post=136"}],"curies":[{"name":"wp","href":"https:\/\/api.w.org\/{rel}","templated":true}]}}