{"id":128,"date":"2022-02-23T11:52:50","date_gmt":"2022-02-23T10:52:50","guid":{"rendered":"https:\/\/terminal-shop.wallee.com\/postfinance\/?post_type=product&#038;p=128"},"modified":"2025-07-11T12:10:11","modified_gmt":"2025-07-11T10:10:11","slug":"thermal-paper","status":"publish","type":"product","link":"https:\/\/terminal-shop.postfinance.ch\/fr\/product\/thermal-paper\/","title":{"rendered":"Papier thermique (20 rouleaux)"},"content":{"rendered":"<p>Une bo\u00eete contient 20 rouleaux. Les rouleaux thermiques sont destin\u00e9s aux appareils wallee avec imprimante de re\u00e7us int\u00e9gr\u00e9e (par exemple, PAX A920 wallee, PAX Q80 wallee).<\/p>","protected":false},"excerpt":{"rendered":"<p>Papier thermique de haute qualit\u00e9, adapt\u00e9 \u00e0 nos terminaux avec imprimante de re\u00e7us (PAX A920).<\/p>","protected":false},"featured_media":369,"template":"","meta":[],"product_brand":[],"product_cat":[23],"product_tag":[40],"class_list":{"0":"post-128","1":"product","2":"type-product","3":"status-publish","4":"has-post-thumbnail","6":"product_cat-accessories","7":"product_tag-a920pro","9":"first","10":"instock","11":"taxable","12":"shipping-taxable","13":"purchasable","14":"product-type-simple"},"_links":{"self":[{"href":"https:\/\/terminal-shop.postfinance.ch\/fr\/wp-json\/wp\/v2\/product\/128","targetHints":{"allow":["GET"]}}],"collection":[{"href":"https:\/\/terminal-shop.postfinance.ch\/fr\/wp-json\/wp\/v2\/product"}],"about":[{"href":"https:\/\/terminal-shop.postfinance.ch\/fr\/wp-json\/wp\/v2\/types\/product"}],"wp:featuredmedia":[{"embeddable":true,"href":"https:\/\/terminal-shop.postfinance.ch\/fr\/wp-json\/wp\/v2\/media\/369"}],"wp:attachment":[{"href":"https:\/\/terminal-shop.postfinance.ch\/fr\/wp-json\/wp\/v2\/media?parent=128"}],"wp:term":[{"taxonomy":"product_brand","embeddable":true,"href":"https:\/\/terminal-shop.postfinance.ch\/fr\/wp-json\/wp\/v2\/product_brand?post=128"},{"taxonomy":"product_cat","embeddable":true,"href":"https:\/\/terminal-shop.postfinance.ch\/fr\/wp-json\/wp\/v2\/product_cat?post=128"},{"taxonomy":"product_tag","embeddable":true,"href":"https:\/\/terminal-shop.postfinance.ch\/fr\/wp-json\/wp\/v2\/product_tag?post=128"}],"curies":[{"name":"wp","href":"https:\/\/api.w.org\/{rel}","templated":true}]}}