{"id":983,"date":"2023-11-29T14:41:56","date_gmt":"2023-11-29T13:41:56","guid":{"rendered":"https:\/\/terminal-shop.postfinance.ch\/?post_type=product&#038;p=983"},"modified":"2025-07-11T12:08:29","modified_gmt":"2025-07-11T10:08:29","slug":"stand-for-pax-a35","status":"publish","type":"product","link":"https:\/\/terminal-shop.postfinance.ch\/de\/product\/stand-for-pax-a35\/","title":{"rendered":"Standfuss f\u00fcr das PAX A35"},"content":{"rendered":"<p>Hochwertiger Standfuss f\u00fcr das PAX A35. Perfekt f\u00fcr Ihren POS. Erm\u00f6glicht einen idealen Blickwinkel und eine stabile Bedienung des Terminals durch den Kunden. Der St\u00e4nder kann fest mit dem Tisch verschraubt werden (Schrauben von au\u00dfen nicht sichtbar). Das Terminal kann auch fest verschraubt werden. Dazu wird die R\u00fcckplatte durch die Metallplatte des St\u00e4nders ersetzt. (Terminal nicht im Lieferumfang enthalten)<\/p>","protected":false},"excerpt":{"rendered":"<p>Hochwertiger Standfuss f\u00fcr das PAX A35. Perfekt f\u00fcr Ihren POS.<\/p>","protected":false},"featured_media":3115,"template":"","meta":[],"product_brand":[],"product_cat":[23],"product_tag":[37],"class_list":{"0":"post-983","1":"product","2":"type-product","3":"status-publish","4":"has-post-thumbnail","6":"product_cat-accessories","7":"product_tag-a35","9":"first","10":"instock","11":"taxable","12":"shipping-taxable","13":"purchasable","14":"product-type-simple"},"_links":{"self":[{"href":"https:\/\/terminal-shop.postfinance.ch\/de\/wp-json\/wp\/v2\/product\/983","targetHints":{"allow":["GET"]}}],"collection":[{"href":"https:\/\/terminal-shop.postfinance.ch\/de\/wp-json\/wp\/v2\/product"}],"about":[{"href":"https:\/\/terminal-shop.postfinance.ch\/de\/wp-json\/wp\/v2\/types\/product"}],"wp:featuredmedia":[{"embeddable":true,"href":"https:\/\/terminal-shop.postfinance.ch\/de\/wp-json\/wp\/v2\/media\/3115"}],"wp:attachment":[{"href":"https:\/\/terminal-shop.postfinance.ch\/de\/wp-json\/wp\/v2\/media?parent=983"}],"wp:term":[{"taxonomy":"product_brand","embeddable":true,"href":"https:\/\/terminal-shop.postfinance.ch\/de\/wp-json\/wp\/v2\/product_brand?post=983"},{"taxonomy":"product_cat","embeddable":true,"href":"https:\/\/terminal-shop.postfinance.ch\/de\/wp-json\/wp\/v2\/product_cat?post=983"},{"taxonomy":"product_tag","embeddable":true,"href":"https:\/\/terminal-shop.postfinance.ch\/de\/wp-json\/wp\/v2\/product_tag?post=983"}],"curies":[{"name":"wp","href":"https:\/\/api.w.org\/{rel}","templated":true}]}}