{"id":824,"date":"2023-10-05T18:48:05","date_gmt":"2023-10-05T16:48:05","guid":{"rendered":"https:\/\/terminal-shop.postfinance.ch\/?post_type=product&#038;p=824"},"modified":"2025-07-24T10:16:42","modified_gmt":"2025-07-24T08:16:42","slug":"pax-a920pro-all-in-one","status":"publish","type":"product","link":"https:\/\/terminal-shop.postfinance.ch\/de\/product\/pax-a920pro-all-in-one\/","title":{"rendered":"PAX A920Pro f\u00fcr All-in-One"},"content":{"rendered":"<h3>Terminal f\u00fcr All-in-One<\/h3>\n<p>Sie m\u00f6chten bargeldlos einkassieren und wissen noch nicht wie? Mit unserem POS-Payment-Modul f\u00fcr Checkout All-in-One k\u00f6nnen Sie mit nur einem Vertrag und Zahlterminal die g\u00e4ngigsten Kartenzahlungen abwickeln. Sichern Sie sich hier Ihr Zahlterminal f\u00fcr All-in-One: PAX A920Pro f\u00fcr All-in-One mit 1,7% Kommission und CHF 0.- Monatskosten.<\/p>\n<h4>Modernes Terminal<\/h4>\n<p>Das hochwertige Design-Terminal auf Android-Basis sieht gut aus und macht auch vor Ihren Kunden eine gute Figur. Die Bedienung ist einfach und intuitiv. Die Anbindung an das Portal und das Android-Betriebssystem bieten zahlreiche M\u00f6glichkeiten.<\/p>\n<h4>Vielseitig<\/h4>\n<p>Dual Kamera und Leser f\u00fcr Magnetstreifen, Chip und kontaktlose Zahlungsmittel sorgen f\u00fcr volle Flexibilit\u00e4t. Zus\u00e4tzliche Apps bieten zahlreiche M\u00f6glichkeiten.<\/p>\n<h4>Connected<\/h4>\n<p>Unterwegs \u00fcber 4G LTE dank integrierter SIM Karte oder station\u00e4r per Wi-Fi\u00ae. Das Terminal ist in Ihren Account im Portal eingebunden und in Kassensysteme integrierbar.<\/p>\n<h4>Downloads:<\/h4>\n<p><a class=\"button\" href=\"https:\/\/checkout.postfinance.ch\/s\/1480\/resource\/manual\/pax-a920pro-de.pdf\" target=\"_blank\" rel=\"noopener\" name=\"Download_Manual\">Bedienungsanleitung<\/a><\/p>","protected":false},"excerpt":{"rendered":"<p>Modernes Allround Terminal auf Android Basis in elegantem Design und Features, die das Annehmen von Zahlungen in Ihrem Unternehmen auf ein neues Level heben werden. Jetzt verf\u00fcgbar f\u00fcr All-in-One mit 1,7% Kommission und CHF 0.- Monatskosten.<\/p>","protected":false},"featured_media":3125,"template":"","meta":[],"product_brand":[],"product_cat":[16,34],"product_tag":[28,31,29,30],"class_list":{"0":"post-824","1":"product","2":"type-product","3":"status-publish","4":"has-post-thumbnail","6":"product_cat-terminals","7":"product_cat-all-in-one","8":"product_tag-android","9":"product_tag-barcodescanner","10":"product_tag-mobile-data-4g-lte","11":"product_tag-touchscreen","13":"first","14":"instock","15":"sale","16":"taxable","17":"shipping-taxable","18":"purchasable","19":"product-type-simple"},"_links":{"self":[{"href":"https:\/\/terminal-shop.postfinance.ch\/de\/wp-json\/wp\/v2\/product\/824","targetHints":{"allow":["GET"]}}],"collection":[{"href":"https:\/\/terminal-shop.postfinance.ch\/de\/wp-json\/wp\/v2\/product"}],"about":[{"href":"https:\/\/terminal-shop.postfinance.ch\/de\/wp-json\/wp\/v2\/types\/product"}],"wp:featuredmedia":[{"embeddable":true,"href":"https:\/\/terminal-shop.postfinance.ch\/de\/wp-json\/wp\/v2\/media\/3125"}],"wp:attachment":[{"href":"https:\/\/terminal-shop.postfinance.ch\/de\/wp-json\/wp\/v2\/media?parent=824"}],"wp:term":[{"taxonomy":"product_brand","embeddable":true,"href":"https:\/\/terminal-shop.postfinance.ch\/de\/wp-json\/wp\/v2\/product_brand?post=824"},{"taxonomy":"product_cat","embeddable":true,"href":"https:\/\/terminal-shop.postfinance.ch\/de\/wp-json\/wp\/v2\/product_cat?post=824"},{"taxonomy":"product_tag","embeddable":true,"href":"https:\/\/terminal-shop.postfinance.ch\/de\/wp-json\/wp\/v2\/product_tag?post=824"}],"curies":[{"name":"wp","href":"https:\/\/api.w.org\/{rel}","templated":true}]}}