{"id":3410,"date":"2025-03-21T18:09:04","date_gmt":"2025-03-21T17:09:04","guid":{"rendered":"https:\/\/terminal-shop.postfinance.ch\/?post_type=product&#038;p=3410"},"modified":"2025-07-11T12:03:29","modified_gmt":"2025-07-11T10:03:29","slug":"lanyard-for-pax-a50s","status":"publish","type":"product","link":"https:\/\/terminal-shop.postfinance.ch\/de\/product\/lanyard-for-pax-a50s\/","title":{"rendered":"Lanyard f\u00fcr das PAX A50s"},"content":{"rendered":"<p>Hochwertiges Lanyard f\u00fcr das PAX A50s aus Stoff in Anthrazit-Grau. Hoher Tragekomfort und robuste Qualit\u00e4t. Hochwertige Ringe mit kleinem Karabinerhaken verbinden das Lanyard mit der kleinen Trageschlaufe, die sie bequem am A50s befestigen k\u00f6nnen. So k\u00f6nnen Sie sich das A50s umh\u00e4ngen und dennoch leicht l\u00f6sen.<\/p>","protected":false},"excerpt":{"rendered":"<p>Hochwertiges Lanyard f\u00fcr das PAX A50s. H\u00e4ngen Sie sich Ihr mobiles Terminal um und haben Sie es immer zur Hand. Ideal f\u00fcr unterwegs.<\/p>","protected":false},"featured_media":3411,"template":"","meta":[],"product_brand":[],"product_cat":[23],"product_tag":[38],"class_list":{"0":"post-3410","1":"product","2":"type-product","3":"status-publish","4":"has-post-thumbnail","6":"product_cat-accessories","7":"product_tag-a50s","9":"first","10":"instock","11":"taxable","12":"shipping-taxable","13":"purchasable","14":"product-type-simple"},"_links":{"self":[{"href":"https:\/\/terminal-shop.postfinance.ch\/de\/wp-json\/wp\/v2\/product\/3410","targetHints":{"allow":["GET"]}}],"collection":[{"href":"https:\/\/terminal-shop.postfinance.ch\/de\/wp-json\/wp\/v2\/product"}],"about":[{"href":"https:\/\/terminal-shop.postfinance.ch\/de\/wp-json\/wp\/v2\/types\/product"}],"wp:featuredmedia":[{"embeddable":true,"href":"https:\/\/terminal-shop.postfinance.ch\/de\/wp-json\/wp\/v2\/media\/3411"}],"wp:attachment":[{"href":"https:\/\/terminal-shop.postfinance.ch\/de\/wp-json\/wp\/v2\/media?parent=3410"}],"wp:term":[{"taxonomy":"product_brand","embeddable":true,"href":"https:\/\/terminal-shop.postfinance.ch\/de\/wp-json\/wp\/v2\/product_brand?post=3410"},{"taxonomy":"product_cat","embeddable":true,"href":"https:\/\/terminal-shop.postfinance.ch\/de\/wp-json\/wp\/v2\/product_cat?post=3410"},{"taxonomy":"product_tag","embeddable":true,"href":"https:\/\/terminal-shop.postfinance.ch\/de\/wp-json\/wp\/v2\/product_tag?post=3410"}],"curies":[{"name":"wp","href":"https:\/\/api.w.org\/{rel}","templated":true}]}}