{"id":2977,"date":"2025-01-27T09:57:47","date_gmt":"2025-01-27T08:57:47","guid":{"rendered":"https:\/\/terminal-shop.postfinance.ch\/?post_type=product&#038;p=2977"},"modified":"2025-07-11T12:05:27","modified_gmt":"2025-07-11T10:05:27","slug":"pax-a50s-bundle","status":"publish","type":"product","link":"https:\/\/terminal-shop.postfinance.ch\/de\/product\/pax-a50s-bundle\/","title":{"rendered":"PAX A50s (Bundle)"},"content":{"rendered":"<h4>Jetzt im Bundle mit Drucker BP50<\/h4>\n<p>Sichern Sie sich das PAX A50s von PostFinance jetzt im Bundle mit dem praktischen Bluetooth-Drucker und Tischladestation BP50. Verbinden Sie \u00fcber Bluetooth komfortabel bis zu vier A50\/A50s Terminals mit dem Belegdrucker.<\/p>\n<h4>Leicht und handlich<\/h4>\n<p>Das toll designte Ger\u00e4t in elegantem wei\u00df mit gro\u00dfem Touchscreen ist mit nur 151g besonders leicht und handlich. Das miniPOS ist ideal f\u00fcr unterwegs.<\/p>\n<h4>Connected<\/h4>\n<p>Unterwegs \u00fcber 4G LTE dank integrierter SIM Karte oder station\u00e4r per Wi-Fi\u00ae. Das Terminal ist in Ihren Account im Portal eingebunden und in Kassensysteme integrierbar.<\/p>\n<h4>Downloads:<\/h4>\n<p><a class=\"button\" href=\"https:\/\/checkout.postfinance.ch\/s\/1480\/resource\/manual\/pax-a50s-de.pdf\" target=\"_blank\" rel=\"noopener\" name=\"Download_Manual\">Bedienungsanleitung<\/a><\/p>","protected":false},"excerpt":{"rendered":"<p>Besonders leichtes und handliches mPOS Terminal auf Android Basis. Mit seinem modernen Design und zahlreichen Features ist das PAX A50s immer an Ihrer Seite. Jetzt im Bundle mit dem praktischen Bluetooth-Drucker und Tischladestation BP50.<\/p>","protected":false},"featured_media":3118,"template":"","meta":[],"product_brand":[],"product_cat":[16,35],"product_tag":[28,29,30],"class_list":{"0":"post-2977","1":"product","2":"type-product","3":"status-publish","4":"has-post-thumbnail","6":"product_cat-terminals","7":"product_cat-flex","8":"product_tag-android","9":"product_tag-mobile-data-4g-lte","10":"product_tag-touchscreen","12":"first","13":"instock","14":"taxable","15":"shipping-taxable","16":"purchasable","17":"product-type-simple"},"_links":{"self":[{"href":"https:\/\/terminal-shop.postfinance.ch\/de\/wp-json\/wp\/v2\/product\/2977","targetHints":{"allow":["GET"]}}],"collection":[{"href":"https:\/\/terminal-shop.postfinance.ch\/de\/wp-json\/wp\/v2\/product"}],"about":[{"href":"https:\/\/terminal-shop.postfinance.ch\/de\/wp-json\/wp\/v2\/types\/product"}],"wp:featuredmedia":[{"embeddable":true,"href":"https:\/\/terminal-shop.postfinance.ch\/de\/wp-json\/wp\/v2\/media\/3118"}],"wp:attachment":[{"href":"https:\/\/terminal-shop.postfinance.ch\/de\/wp-json\/wp\/v2\/media?parent=2977"}],"wp:term":[{"taxonomy":"product_brand","embeddable":true,"href":"https:\/\/terminal-shop.postfinance.ch\/de\/wp-json\/wp\/v2\/product_brand?post=2977"},{"taxonomy":"product_cat","embeddable":true,"href":"https:\/\/terminal-shop.postfinance.ch\/de\/wp-json\/wp\/v2\/product_cat?post=2977"},{"taxonomy":"product_tag","embeddable":true,"href":"https:\/\/terminal-shop.postfinance.ch\/de\/wp-json\/wp\/v2\/product_tag?post=2977"}],"curies":[{"name":"wp","href":"https:\/\/api.w.org\/{rel}","templated":true}]}}