{"id":2744,"date":"2024-12-04T14:35:50","date_gmt":"2024-12-04T13:35:50","guid":{"rendered":"https:\/\/terminal-shop.postfinance.ch\/?post_type=product&#038;p=2744"},"modified":"2025-07-11T12:05:45","modified_gmt":"2025-07-11T10:05:45","slug":"pax-bp50","status":"publish","type":"product","link":"https:\/\/terminal-shop.postfinance.ch\/de\/product\/pax-bp50\/","title":{"rendered":"Drucker f\u00fcr das PAX A50s"},"content":{"rendered":"<p>Tischladestation mit integriertem Bluetooth-Belegdrucker f\u00fcr das PAX A50s. Es k\u00f6nnen bis zu vier Terminals gleichzeitig verbunden werden und den Drucker nutzen.<\/p>\n<p><a class=\"button\" href=\"https:\/\/checkout.postfinance.ch\/s\/1480\/resource\/manual\/pax-bp50-de.pdf\" target=\"_blank\" rel=\"noopener\" name=\"Download_Manual\">Bedienungsanleitung<\/a><\/p>","protected":false},"excerpt":{"rendered":"<p>Praktische Tischladestation mit integriertem Bluetooth-Belegdrucker f\u00fcr das PAX A50s. Mit dem PAX BP50 erweitern Sie die Funktionalit\u00e4t Ihres mobilen Terminals PAX A50s. Einfaches Laden und Druck von Belegen \u00fcber Bluetooth. Es k\u00f6nnen bis zu vier PAX A50s gleichzeitig mit dem Drucker verbunden werden und Belege gedruckt werden.<\/p>","protected":false},"featured_media":2974,"template":"","meta":[],"product_brand":[],"product_cat":[23],"product_tag":[38],"class_list":{"0":"post-2744","1":"product","2":"type-product","3":"status-publish","4":"has-post-thumbnail","6":"product_cat-accessories","7":"product_tag-a50s","9":"first","10":"instock","11":"featured","12":"taxable","13":"shipping-taxable","14":"purchasable","15":"product-type-simple"},"_links":{"self":[{"href":"https:\/\/terminal-shop.postfinance.ch\/de\/wp-json\/wp\/v2\/product\/2744","targetHints":{"allow":["GET"]}}],"collection":[{"href":"https:\/\/terminal-shop.postfinance.ch\/de\/wp-json\/wp\/v2\/product"}],"about":[{"href":"https:\/\/terminal-shop.postfinance.ch\/de\/wp-json\/wp\/v2\/types\/product"}],"wp:featuredmedia":[{"embeddable":true,"href":"https:\/\/terminal-shop.postfinance.ch\/de\/wp-json\/wp\/v2\/media\/2974"}],"wp:attachment":[{"href":"https:\/\/terminal-shop.postfinance.ch\/de\/wp-json\/wp\/v2\/media?parent=2744"}],"wp:term":[{"taxonomy":"product_brand","embeddable":true,"href":"https:\/\/terminal-shop.postfinance.ch\/de\/wp-json\/wp\/v2\/product_brand?post=2744"},{"taxonomy":"product_cat","embeddable":true,"href":"https:\/\/terminal-shop.postfinance.ch\/de\/wp-json\/wp\/v2\/product_cat?post=2744"},{"taxonomy":"product_tag","embeddable":true,"href":"https:\/\/terminal-shop.postfinance.ch\/de\/wp-json\/wp\/v2\/product_tag?post=2744"}],"curies":[{"name":"wp","href":"https:\/\/api.w.org\/{rel}","templated":true}]}}