{"id":1840,"date":"2024-06-28T10:40:51","date_gmt":"2024-06-28T08:40:51","guid":{"rendered":"https:\/\/terminal-shop.postfinance.ch\/?post_type=product&#038;p=1840"},"modified":"2025-08-19T09:28:09","modified_gmt":"2025-08-19T07:28:09","slug":"cover-a77","status":"publish","type":"product","link":"https:\/\/terminal-shop.postfinance.ch\/de\/product\/cover-a77\/","title":{"rendered":"Cover A77"},"content":{"rendered":"<p>Schutzh\u00fclle f\u00fcr das PAX A77 Terminal. Hochwertiges Silikon in reinem Weiss. Mit PostFinance Logo.<\/p>","protected":false},"excerpt":{"rendered":"<p>Schutzh\u00fclle aus hochwertigem weissem Silikon mit Logo von PostFinance auf der R\u00fcckseite. Die H\u00fclle ist speziell f\u00fcr unser PAX A77 Terminal gefertigt und bietet eine hohe Passgenauigkeit. Perfekter Schutz f\u00fcr Ihr Terminal, gute Griffigkeit im t\u00e4glichen Gebrauch, leicht zu reinigen.<\/p>","protected":false},"featured_media":1844,"template":"","meta":[],"product_brand":[],"product_cat":[23],"product_tag":[39],"class_list":{"0":"post-1840","1":"product","2":"type-product","3":"status-publish","4":"has-post-thumbnail","6":"product_cat-accessories","7":"product_tag-a77","9":"first","10":"instock","11":"taxable","12":"shipping-taxable","13":"purchasable","14":"product-type-simple"},"_links":{"self":[{"href":"https:\/\/terminal-shop.postfinance.ch\/de\/wp-json\/wp\/v2\/product\/1840","targetHints":{"allow":["GET"]}}],"collection":[{"href":"https:\/\/terminal-shop.postfinance.ch\/de\/wp-json\/wp\/v2\/product"}],"about":[{"href":"https:\/\/terminal-shop.postfinance.ch\/de\/wp-json\/wp\/v2\/types\/product"}],"wp:featuredmedia":[{"embeddable":true,"href":"https:\/\/terminal-shop.postfinance.ch\/de\/wp-json\/wp\/v2\/media\/1844"}],"wp:attachment":[{"href":"https:\/\/terminal-shop.postfinance.ch\/de\/wp-json\/wp\/v2\/media?parent=1840"}],"wp:term":[{"taxonomy":"product_brand","embeddable":true,"href":"https:\/\/terminal-shop.postfinance.ch\/de\/wp-json\/wp\/v2\/product_brand?post=1840"},{"taxonomy":"product_cat","embeddable":true,"href":"https:\/\/terminal-shop.postfinance.ch\/de\/wp-json\/wp\/v2\/product_cat?post=1840"},{"taxonomy":"product_tag","embeddable":true,"href":"https:\/\/terminal-shop.postfinance.ch\/de\/wp-json\/wp\/v2\/product_tag?post=1840"}],"curies":[{"name":"wp","href":"https:\/\/api.w.org\/{rel}","templated":true}]}}