{"id":1572,"date":"2024-05-13T09:21:01","date_gmt":"2024-05-13T07:21:01","guid":{"rendered":"https:\/\/terminal-shop.postfinance.ch\/?post_type=product&#038;p=1572"},"modified":"2025-07-11T12:07:39","modified_gmt":"2025-07-11T10:07:39","slug":"pax-a50s-for-all-in-one","status":"publish","type":"product","link":"https:\/\/terminal-shop.postfinance.ch\/de\/product\/pax-a50s-for-all-in-one\/","title":{"rendered":"PAX A50s f\u00fcr All-in-One"},"content":{"rendered":"<h3>Terminal f\u00fcr All-in-One<\/h3>\n<p>Sie m\u00f6chten bargeldlos einkassieren und wissen noch nicht wie? Mit unserem POS-Payment-Modul f\u00fcr Checkout All-in-One k\u00f6nnen Sie mit nur einem Vertrag und Zahlterminal die g\u00e4ngigsten Kartenzahlungen abwickeln. Sichern Sie sich hier Ihr Zahlterminal f\u00fcr All-in-One: PAX A50s f\u00fcr All-in-One mit 1,7% Kommission und CHF 0.- Monatskosten.<\/p>\n<h4>Leicht und handlich<\/h4>\n<p>Das toll designte Ger\u00e4t in elegantem wei\u00df mit gro\u00dfem Touchscreen ist mit nur 151g besonders leicht und handlich. Das miniPOS ist ideal f\u00fcr unterwegs.<br \/>\n<!--\n\n\n<h4>New generation<\/h4>\n\n\nThe PAX A50S is the successor to the A50. Even lighter (only 151g), more efficient and with a large, optimized contactless field on the front. Great accessories are available for the PAX A50S, e.g. a desktop charging station with integrated Bluetooth receipt printer (coming soon).--><\/p>\n<h4>Connected<\/h4>\n<p>Unterwegs \u00fcber 4G LTE dank integrierter SIM Karte oder station\u00e4r per Wi-Fi\u00ae. Das Terminal ist in Ihren Account im Portal eingebunden und in Kassensysteme integrierbar.<\/p>\n<h4>Downloads:<\/h4>\n<p><a class=\"button\" href=\"https:\/\/checkout.postfinance.ch\/s\/1480\/resource\/manual\/pax-a50s-de.pdf\" target=\"_blank\" rel=\"noopener\" name=\"Download_Manual\">Bedienungsanleitung<\/a><\/p>","protected":false},"excerpt":{"rendered":"<p>Besonders leichtes und handliches mPOS Terminal auf Android Basis. Mit seinem modernen Design und zahlreichen Features ist das PAX A50s immer an Ihrer Seite: In Ihrem Gesch\u00e4ft, POS oder dank 4G auch unterwegs. Jetzt verf\u00fcgbar f\u00fcr All-in-One mit 1,7% Kommission und CHF 0.- Monatskosten.<\/p>","protected":false},"featured_media":3119,"template":"","meta":[],"product_brand":[],"product_cat":[16,34],"product_tag":[28,29,30],"class_list":{"0":"post-1572","1":"product","2":"type-product","3":"status-publish","4":"has-post-thumbnail","6":"product_cat-terminals","7":"product_cat-all-in-one","8":"product_tag-android","9":"product_tag-mobile-data-4g-lte","10":"product_tag-touchscreen","12":"first","13":"instock","14":"sale","15":"taxable","16":"shipping-taxable","17":"purchasable","18":"product-type-simple"},"_links":{"self":[{"href":"https:\/\/terminal-shop.postfinance.ch\/de\/wp-json\/wp\/v2\/product\/1572","targetHints":{"allow":["GET"]}}],"collection":[{"href":"https:\/\/terminal-shop.postfinance.ch\/de\/wp-json\/wp\/v2\/product"}],"about":[{"href":"https:\/\/terminal-shop.postfinance.ch\/de\/wp-json\/wp\/v2\/types\/product"}],"wp:featuredmedia":[{"embeddable":true,"href":"https:\/\/terminal-shop.postfinance.ch\/de\/wp-json\/wp\/v2\/media\/3119"}],"wp:attachment":[{"href":"https:\/\/terminal-shop.postfinance.ch\/de\/wp-json\/wp\/v2\/media?parent=1572"}],"wp:term":[{"taxonomy":"product_brand","embeddable":true,"href":"https:\/\/terminal-shop.postfinance.ch\/de\/wp-json\/wp\/v2\/product_brand?post=1572"},{"taxonomy":"product_cat","embeddable":true,"href":"https:\/\/terminal-shop.postfinance.ch\/de\/wp-json\/wp\/v2\/product_cat?post=1572"},{"taxonomy":"product_tag","embeddable":true,"href":"https:\/\/terminal-shop.postfinance.ch\/de\/wp-json\/wp\/v2\/product_tag?post=1572"}],"curies":[{"name":"wp","href":"https:\/\/api.w.org\/{rel}","templated":true}]}}