{"id":136,"date":"2022-02-24T17:15:46","date_gmt":"2022-02-24T16:15:46","guid":{"rendered":"https:\/\/terminal-shop.wallee.com\/postfinance\/?post_type=product&#038;p=136"},"modified":"2025-07-24T13:37:39","modified_gmt":"2025-07-24T11:37:39","slug":"pax-a77","status":"publish","type":"product","link":"https:\/\/terminal-shop.postfinance.ch\/de\/product\/pax-a77\/","title":{"rendered":"PAX A77"},"content":{"rendered":"<h4>Modernes Terminal<\/h4>\n<p>Das hochwertige Design-Terminal auf Android Basis sieht gut aus und macht auch vor Ihren Kunden eine gute Figur. Die Bedienung ist einfach und intuitiv. Die Anbindung an unser Portal und das Betriebssystem Android erweitern die Funktionalit\u00e4t zus\u00e4tzlich.<\/p>\n<h4>Leistungsstark und vielseitig<\/h4>\n<p>Dual Kamera und Leser f\u00fcr Magnetstreifen, Chip und kontaktlose Zahlungsmittel sorgen f\u00fcr volle Flexibilit\u00e4t. Zus\u00e4tzliche Apps bieten zahlreiche M\u00f6glichkeiten.<\/p>\n<h4>Connected<\/h4>\n<p>Unterwegs \u00fcber 4G LTE dank integrierter SIM Karte oder station\u00e4r per Wi-Fi\u00ae. Das Terminal ist in Ihren Account im Portal eingebunden und in Kassensysteme integrierbar.<\/p>\n<h4>Downloads:<\/h4>\n<p><a class=\"button\" href=\"https:\/\/checkout.postfinance.ch\/s\/1480\/resource\/manual\/pax-a77-de.pdf\" target=\"_blank\" rel=\"noopener\" name=\"Download_Manual\">Bedienungsanleitung<\/a><\/p>","protected":false},"excerpt":{"rendered":"<p>Das Beste aus zwei Welten: Handlich und mobil und dennoch ein Maximum an Leistung. Entdecken Sie das PAX A77 - ein top Terminal f\u00fcr Ihr Unternehmen.<\/p>","protected":false},"featured_media":3122,"template":"","meta":[],"product_brand":[],"product_cat":[16,35],"product_tag":[28,31,29,30],"class_list":{"0":"post-136","1":"product","2":"type-product","3":"status-publish","4":"has-post-thumbnail","6":"product_cat-terminals","7":"product_cat-flex","8":"product_tag-android","9":"product_tag-barcodescanner","10":"product_tag-mobile-data-4g-lte","11":"product_tag-touchscreen","13":"first","14":"instock","15":"taxable","16":"shipping-taxable","17":"purchasable","18":"product-type-simple"},"_links":{"self":[{"href":"https:\/\/terminal-shop.postfinance.ch\/de\/wp-json\/wp\/v2\/product\/136","targetHints":{"allow":["GET"]}}],"collection":[{"href":"https:\/\/terminal-shop.postfinance.ch\/de\/wp-json\/wp\/v2\/product"}],"about":[{"href":"https:\/\/terminal-shop.postfinance.ch\/de\/wp-json\/wp\/v2\/types\/product"}],"wp:featuredmedia":[{"embeddable":true,"href":"https:\/\/terminal-shop.postfinance.ch\/de\/wp-json\/wp\/v2\/media\/3122"}],"wp:attachment":[{"href":"https:\/\/terminal-shop.postfinance.ch\/de\/wp-json\/wp\/v2\/media?parent=136"}],"wp:term":[{"taxonomy":"product_brand","embeddable":true,"href":"https:\/\/terminal-shop.postfinance.ch\/de\/wp-json\/wp\/v2\/product_brand?post=136"},{"taxonomy":"product_cat","embeddable":true,"href":"https:\/\/terminal-shop.postfinance.ch\/de\/wp-json\/wp\/v2\/product_cat?post=136"},{"taxonomy":"product_tag","embeddable":true,"href":"https:\/\/terminal-shop.postfinance.ch\/de\/wp-json\/wp\/v2\/product_tag?post=136"}],"curies":[{"name":"wp","href":"https:\/\/api.w.org\/{rel}","templated":true}]}}